{"id":7,"date":"2023-08-16T16:37:32","date_gmt":"2023-08-16T14:37:32","guid":{"rendered":"https:\/\/canlock.warszawa.pl\/?page_id=7"},"modified":"2024-05-07T17:20:37","modified_gmt":"2024-05-07T15:20:37","slug":"strona-glowna","status":"publish","type":"page","link":"https:\/\/canlock.warszawa.pl\/","title":{"rendered":"CANLOCK WARSZAWA zabezpieczenie Antykradzie\u017cowe"},"content":{"rendered":"\t\t<div data-elementor-type=\"wp-post\" data-elementor-id=\"7\" class=\"elementor elementor-7\">\n\t\t\t\t\t\t\t\t\t<section class=\"elementor-section elementor-top-section elementor-element elementor-element-f7e6249 elementor-section-boxed elementor-section-height-default elementor-section-height-default\" data-id=\"f7e6249\" data-element_type=\"section\">\n\t\t\t\t\t\t<div class=\"elementor-container elementor-column-gap-default\">\n\t\t\t\t\t<div class=\"elementor-column elementor-col-50 elementor-top-column elementor-element elementor-element-cc4fe9b\" data-id=\"cc4fe9b\" data-element_type=\"column\">\n\t\t\t<div class=\"elementor-widget-wrap elementor-element-populated\">\n\t\t\t\t\t\t\t\t<div class=\"elementor-element elementor-element-d0f86a0 elementor-widget elementor-widget-heading\" data-id=\"d0f86a0\" data-element_type=\"widget\" data-widget_type=\"heading.default\">\n\t\t\t\t<div class=\"elementor-widget-container\">\n\t\t\t<style>\/*! elementor - v3.17.0 - 08-11-2023 *\/\n.elementor-heading-title{padding:0;margin:0;line-height:1}.elementor-widget-heading .elementor-heading-title[class*=elementor-size-]>a{color:inherit;font-size:inherit;line-height:inherit}.elementor-widget-heading .elementor-heading-title.elementor-size-small{font-size:15px}.elementor-widget-heading .elementor-heading-title.elementor-size-medium{font-size:19px}.elementor-widget-heading .elementor-heading-title.elementor-size-large{font-size:29px}.elementor-widget-heading .elementor-heading-title.elementor-size-xl{font-size:39px}.elementor-widget-heading .elementor-heading-title.elementor-size-xxl{font-size:59px}<\/style><h1 class=\"elementor-heading-title elementor-size-default\">CANLOCK Warszawa<\/h1>\t\t<\/div>\n\t\t\t\t<\/div>\n\t\t\t\t<div class=\"elementor-element elementor-element-9b8b132 elementor-widget elementor-widget-text-editor\" data-id=\"9b8b132\" data-element_type=\"widget\" data-widget_type=\"text-editor.default\">\n\t\t\t\t<div class=\"elementor-widget-container\">\n\t\t\t<style>\/*! elementor - v3.17.0 - 08-11-2023 *\/\n.elementor-widget-text-editor.elementor-drop-cap-view-stacked .elementor-drop-cap{background-color:#69727d;color:#fff}.elementor-widget-text-editor.elementor-drop-cap-view-framed .elementor-drop-cap{color:#69727d;border:3px solid;background-color:transparent}.elementor-widget-text-editor:not(.elementor-drop-cap-view-default) .elementor-drop-cap{margin-top:8px}.elementor-widget-text-editor:not(.elementor-drop-cap-view-default) .elementor-drop-cap-letter{width:1em;height:1em}.elementor-widget-text-editor .elementor-drop-cap{float:left;text-align:center;line-height:1;font-size:50px}.elementor-widget-text-editor .elementor-drop-cap-letter{display:inline-block}<\/style>\t\t\t\t<p>CANLOCK &#8211; monta\u017c <strong>skutecznego<\/strong> zabezpieczenia antykradzie\u017cowego do samochod\u00f3w w Warszawie oraz w woj. Mazowieckim<\/p>\t\t\t\t\t\t<\/div>\n\t\t\t\t<\/div>\n\t\t\t\t<div class=\"elementor-element elementor-element-22a95f8 elementor-align-left elementor-hidden-desktop elementor-hidden-tablet elementor-widget elementor-widget-button\" data-id=\"22a95f8\" data-element_type=\"widget\" data-widget_type=\"button.default\">\n\t\t\t\t<div class=\"elementor-widget-container\">\n\t\t\t\t\t<div class=\"elementor-button-wrapper\">\n\t\t\t<a class=\"elementor-button elementor-button-link elementor-size-lg\" href=\"tel:+48732080889\">\n\t\t\t\t\t\t<span class=\"elementor-button-content-wrapper\">\n\t\t\t\t\t\t<span class=\"elementor-button-text\">ZADZWO\u0143 732 080 889<\/span>\n\t\t<\/span>\n\t\t\t\t\t<\/a>\n\t\t<\/div>\n\t\t\t\t<\/div>\n\t\t\t\t<\/div>\n\t\t\t\t<div class=\"elementor-element elementor-element-d3dddc0 elementor-widget elementor-widget-heading\" data-id=\"d3dddc0\" data-element_type=\"widget\" data-widget_type=\"heading.default\">\n\t\t\t\t<div class=\"elementor-widget-container\">\n\t\t\t<h2 class=\"elementor-heading-title elementor-size-default\">Monta\u017c zabezpieczenia<br>CANLOCK w Warszawie<\/h2>\t\t<\/div>\n\t\t\t\t<\/div>\n\t\t\t\t<div class=\"elementor-element elementor-element-e75a10c elementor-invisible elementor-widget elementor-widget-heading\" data-id=\"e75a10c\" data-element_type=\"widget\" data-settings=\"{&quot;_animation&quot;:&quot;fadeInDown&quot;}\" data-widget_type=\"heading.default\">\n\t\t\t\t<div class=\"elementor-widget-container\">\n\t\t\t<h2 class=\"elementor-heading-title elementor-size-default\">Jedyny, Oficjalny instalator <\/br> oryginalnego zabezpieczenia <\/br> \n antykradzie\u017cowego CANLOCK <\/br>w Warszawie!<\/h2>\t\t<\/div>\n\t\t\t\t<\/div>\n\t\t\t\t<div class=\"elementor-element elementor-element-5fc1fa9 elementor-widget elementor-widget-heading\" data-id=\"5fc1fa9\" data-element_type=\"widget\" data-widget_type=\"heading.default\">\n\t\t\t\t<div class=\"elementor-widget-container\">\n\t\t\t<h2 class=\"elementor-heading-title elementor-size-default\">Warszawa BEMOWO<br><br>Blizne Jasi\u0144skiego<br>Marii Konopnickiej 6<br><\/h2>\t\t<\/div>\n\t\t\t\t<\/div>\n\t\t\t\t\t<\/div>\n\t\t<\/div>\n\t\t\t\t<div class=\"elementor-column elementor-col-50 elementor-top-column elementor-element elementor-element-b41db18\" data-id=\"b41db18\" data-element_type=\"column\">\n\t\t\t<div class=\"elementor-widget-wrap elementor-element-populated\">\n\t\t\t\t\t\t\t\t<div class=\"elementor-element elementor-element-b5640bc elementor-widget elementor-widget-image\" data-id=\"b5640bc\" data-element_type=\"widget\" data-widget_type=\"image.default\">\n\t\t\t\t<div class=\"elementor-widget-container\">\n\t\t\t<style>\/*! elementor - v3.17.0 - 08-11-2023 *\/\n.elementor-widget-image{text-align:center}.elementor-widget-image a{display:inline-block}.elementor-widget-image a img[src$=\".svg\"]{width:48px}.elementor-widget-image img{vertical-align:middle;display:inline-block}<\/style>\t\t\t\t\t\t\t\t\t\t\t\t<img loading=\"lazy\" decoding=\"async\" width=\"800\" height=\"943\" src=\"https:\/\/canlock.warszawa.pl\/wp-content\/uploads\/2023\/08\/CanLock-telefon-centrala-brelok-token-2.jpg\" class=\"attachment-large size-large wp-image-24\" alt=\"canlock-warszawa-zabezpieczenie-antykradzie\u017cowe\" srcset=\"https:\/\/canlock.warszawa.pl\/wp-content\/uploads\/2023\/08\/CanLock-telefon-centrala-brelok-token-2.jpg 800w, https:\/\/canlock.warszawa.pl\/wp-content\/uploads\/2023\/08\/CanLock-telefon-centrala-brelok-token-2-255x300.jpg 255w, https:\/\/canlock.warszawa.pl\/wp-content\/uploads\/2023\/08\/CanLock-telefon-centrala-brelok-token-2-768x905.jpg 768w, https:\/\/canlock.warszawa.pl\/wp-content\/uploads\/2023\/08\/CanLock-telefon-centrala-brelok-token-2-230x271.jpg 230w, https:\/\/canlock.warszawa.pl\/wp-content\/uploads\/2023\/08\/CanLock-telefon-centrala-brelok-token-2-350x413.jpg 350w, https:\/\/canlock.warszawa.pl\/wp-content\/uploads\/2023\/08\/CanLock-telefon-centrala-brelok-token-2-480x566.jpg 480w\" sizes=\"auto, (max-width: 800px) 100vw, 800px\" \/>\t\t\t\t\t\t\t\t\t\t\t\t\t\t\t<\/div>\n\t\t\t\t<\/div>\n\t\t\t\t\t<\/div>\n\t\t<\/div>\n\t\t\t\t\t\t\t<\/div>\n\t\t<\/section>\n\t\t\t\t<section class=\"elementor-section elementor-top-section elementor-element elementor-element-f7136ea elementor-section-boxed elementor-section-height-default elementor-section-height-default\" data-id=\"f7136ea\" data-element_type=\"section\">\n\t\t\t\t\t\t<div class=\"elementor-container elementor-column-gap-default\">\n\t\t\t\t\t<div class=\"elementor-column elementor-col-100 elementor-top-column elementor-element elementor-element-3da43a9\" data-id=\"3da43a9\" data-element_type=\"column\">\n\t\t\t<div class=\"elementor-widget-wrap elementor-element-populated\">\n\t\t\t\t\t\t\t\t<div class=\"elementor-element elementor-element-5bd1583 elementor-align-center elementor-widget elementor-widget-button\" data-id=\"5bd1583\" data-element_type=\"widget\" data-widget_type=\"button.default\">\n\t\t\t\t<div class=\"elementor-widget-container\">\n\t\t\t\t\t<div class=\"elementor-button-wrapper\">\n\t\t\t<a class=\"elementor-button elementor-button-link elementor-size-lg\" href=\"tel:+48732080889\">\n\t\t\t\t\t\t<span class=\"elementor-button-content-wrapper\">\n\t\t\t\t\t\t<span class=\"elementor-button-text\">ZADZWO\u0143 732 080 889<\/span>\n\t\t<\/span>\n\t\t\t\t\t<\/a>\n\t\t<\/div>\n\t\t\t\t<\/div>\n\t\t\t\t<\/div>\n\t\t\t\t\t<\/div>\n\t\t<\/div>\n\t\t\t\t\t\t\t<\/div>\n\t\t<\/section>\n\t\t\t\t<section class=\"elementor-section elementor-top-section elementor-element elementor-element-801bdfc elementor-section-boxed elementor-section-height-default elementor-section-height-default\" data-id=\"801bdfc\" data-element_type=\"section\">\n\t\t\t\t\t\t<div class=\"elementor-container elementor-column-gap-default\">\n\t\t\t\t\t<div class=\"elementor-column elementor-col-100 elementor-top-column elementor-element elementor-element-0fdfb8c\" data-id=\"0fdfb8c\" data-element_type=\"column\">\n\t\t\t<div class=\"elementor-widget-wrap elementor-element-populated\">\n\t\t\t\t\t\t\t\t<div class=\"elementor-element elementor-element-363d649 elementor-widget elementor-widget-html\" data-id=\"363d649\" data-element_type=\"widget\" data-widget_type=\"html.default\">\n\t\t\t\t<div class=\"elementor-widget-container\">\n\t\t\t<iframe src=\"https:\/\/www.google.com\/maps\/embed?pb=!1m14!1m8!1m3!1d81240.88487090387!2d20.837098125039034!3d52.228595974119905!3m2!1i1024!2i768!4f13.1!3m3!1m2!1s0x47193308174b67ff%3A0xdfe196bf2c60b173!2sZabezpiecz%20Auto%20CANLOCK%20Warszawa%20-%20SKUTECZNE%20Alarmy%20Samochodowe%2C%20Zabezpieczenia%20Antykradzie%C5%BCowe!5e0!3m2!1sen!2spl!4v1701642199626!5m2!1sen!2spl\" width=\"600\" height=\"450\" style=\"border:0;\" allowfullscreen=\"\" loading=\"lazy\" referrerpolicy=\"no-referrer-when-downgrade\"><\/iframe>\t\t<\/div>\n\t\t\t\t<\/div>\n\t\t\t\t\t<\/div>\n\t\t<\/div>\n\t\t\t\t\t\t\t<\/div>\n\t\t<\/section>\n\t\t\t\t<section class=\"elementor-section elementor-top-section elementor-element elementor-element-efe5dd5 elementor-section-boxed elementor-section-height-default elementor-section-height-default\" data-id=\"efe5dd5\" data-element_type=\"section\">\n\t\t\t\t\t\t<div class=\"elementor-container elementor-column-gap-default\">\n\t\t\t\t\t<div class=\"elementor-column elementor-col-100 elementor-top-column elementor-element elementor-element-c257523\" data-id=\"c257523\" data-element_type=\"column\">\n\t\t\t<div class=\"elementor-widget-wrap elementor-element-populated\">\n\t\t\t\t\t\t\t\t<div class=\"elementor-element elementor-element-fdd98c8 elementor-widget elementor-widget-heading\" data-id=\"fdd98c8\" data-element_type=\"widget\" data-widget_type=\"heading.default\">\n\t\t\t\t<div class=\"elementor-widget-container\">\n\t\t\t<h2 class=\"elementor-heading-title elementor-size-default\">Szukasz skutecznego zabezpieczenia antykradzie\u017cowego do swojego samochodu? <\/h2>\t\t<\/div>\n\t\t\t\t<\/div>\n\t\t\t\t<div class=\"elementor-element elementor-element-a4e4f9a elementor-align-center elementor-widget elementor-widget-button\" data-id=\"a4e4f9a\" data-element_type=\"widget\" data-widget_type=\"button.default\">\n\t\t\t\t<div class=\"elementor-widget-container\">\n\t\t\t\t\t<div class=\"elementor-button-wrapper\">\n\t\t\t<a class=\"elementor-button elementor-button-link elementor-size-lg\" href=\"tel:+48732080889\">\n\t\t\t\t\t\t<span class=\"elementor-button-content-wrapper\">\n\t\t\t\t\t\t<span class=\"elementor-button-text\">ZADZWO\u0143 732 080 889<\/span>\n\t\t<\/span>\n\t\t\t\t\t<\/a>\n\t\t<\/div>\n\t\t\t\t<\/div>\n\t\t\t\t<\/div>\n\t\t\t\t\t<\/div>\n\t\t<\/div>\n\t\t\t\t\t\t\t<\/div>\n\t\t<\/section>\n\t\t\t\t<section class=\"elementor-section elementor-top-section elementor-element elementor-element-b999c63 elementor-section-boxed elementor-section-height-default elementor-section-height-default\" data-id=\"b999c63\" data-element_type=\"section\">\n\t\t\t\t\t\t<div class=\"elementor-container elementor-column-gap-default\">\n\t\t\t\t\t<div class=\"elementor-column elementor-col-100 elementor-top-column elementor-element elementor-element-e8fc415\" data-id=\"e8fc415\" data-element_type=\"column\">\n\t\t\t<div class=\"elementor-widget-wrap elementor-element-populated\">\n\t\t\t\t\t\t\t\t<div class=\"elementor-element elementor-element-687b8b1 elementor-widget elementor-widget-text-editor\" data-id=\"687b8b1\" data-element_type=\"widget\" data-widget_type=\"text-editor.default\">\n\t\t\t\t<div class=\"elementor-widget-container\">\n\t\t\t\t\t\t\t<h3>CANLOCK: Skuteczne Zabezpieczenie Samochod\u00f3w w Warszawie<\/h3><p><strong>Zabezpiecz sw\u00f3j samoch\u00f3d przed kradzie\u017c\u0105 z CANLOCK &#8211; najnowocze\u015bniejszym rozwi\u0105zaniem w ochronie pojazd\u00f3w i monta\u017cem w Warszawie.<\/strong><\/p><p>W obliczu rosn\u0105cych zagro\u017ce\u0144 dla bezpiecze\u0144stwa pojazd\u00f3w, CANLOCK przedstawia innowacyjny system zabezpiecze\u0144, kt\u00f3ry \u0142\u0105czy najwy\u017cszej klasy technologi\u0119 i niezawodno\u015b\u0107. Jeste\u015bmy tu, aby zapewni\u0107 Twojemu samochodowi ochron\u0119, na kt\u00f3r\u0105 zas\u0142uguje.<\/p><p><strong>Dlaczego CANLOCK to idealne rozwi\u0105zanie dla Twojego pojazdu?<\/strong><\/p><ul><li><strong>Najnowsza Technologia:<\/strong> CANLOCK korzysta z zaawansowanych technologii, oferuj\u0105c ochron\u0119 na najwy\u017cszym poziomie.<\/li><li><strong>Prostota U\u017cycia:<\/strong> Nasz system jest zaprojektowany z my\u015bl\u0105 o \u0142atwo\u015bci obs\u0142ugi, co gwarantuje komfort u\u017cytkowania bez kompromis\u00f3w w zakresie bezpiecze\u0144stwa.<\/li><li><strong>Wszechstronno\u015b\u0107:<\/strong> Idealnie nadaje si\u0119 do ochrony r\u00f3\u017cnego rodzaju pojazd\u00f3w \u2013 od samochod\u00f3w osobowych, przez vany, a\u017c po pojazdy specjalistyczne.<\/li><\/ul><p>\u00a0<\/p><p><strong>Profesjonalny Monta\u017c w Warszawie<\/strong><\/p><p>Nasz zesp\u00f3\u0142 specjalist\u00f3w w Warszawie zapewnia profesjonalny monta\u017c systemu CanLock w Twoim poje\u017adzie. Zajmujemy si\u0119 wszystkim \u2013 od konsultacji i wyboru odpowiedniego systemu, przez precyzyjny i profesjonalny monta\u017c.<\/p><p><strong>Skontaktuj si\u0119 z nami!<\/strong> Je\u015bli szukasz niezawodnego rozwi\u0105zania do zabezpieczenia Twojego pojazdu w Warszawie. Skontaktuj si\u0119 z nami, aby dowiedzie\u0107 si\u0119 wi\u0119cej lub um\u00f3wi\u0107 monta\u017c. Nasi eksperci s\u0105 gotowi zapewni\u0107 Ci najlepsze rozwi\u0105zania zabezpiecze\u0144 dostosowane do Twoich potrzeb.<\/p><p><strong>CANLOCK &#8211; Twoje auto w bezpiecznych r\u0119kach.<\/strong><\/p>\t\t\t\t\t\t<\/div>\n\t\t\t\t<\/div>\n\t\t\t\t<div class=\"elementor-element elementor-element-d41ecea elementor-align-center elementor-widget elementor-widget-button\" data-id=\"d41ecea\" data-element_type=\"widget\" data-widget_type=\"button.default\">\n\t\t\t\t<div class=\"elementor-widget-container\">\n\t\t\t\t\t<div class=\"elementor-button-wrapper\">\n\t\t\t<a class=\"elementor-button elementor-button-link elementor-size-lg\" href=\"tel:+48732080889\">\n\t\t\t\t\t\t<span class=\"elementor-button-content-wrapper\">\n\t\t\t\t\t\t<span class=\"elementor-button-text\">ZADZWO\u0143 732 080 889<\/span>\n\t\t<\/span>\n\t\t\t\t\t<\/a>\n\t\t<\/div>\n\t\t\t\t<\/div>\n\t\t\t\t<\/div>\n\t\t\t\t<div class=\"elementor-element elementor-element-2df62a9 elementor-widget elementor-widget-text-editor\" data-id=\"2df62a9\" data-element_type=\"widget\" data-widget_type=\"text-editor.default\">\n\t\t\t\t<div class=\"elementor-widget-container\">\n\t\t\t\t\t\t\t<p><strong>SAMOCHODY:<\/strong> TOYOTA, LEXUS, Range Rover,\u00a0<\/p><p>AUDI, BMW, Mercedes, VOLVO, KIA, HYUNDAI,\u00a0<\/p><p>SKODA, VW, Mitsubishi, FORD,\u00a0<\/p><p>i wiele innych marek samochod\u00f3w.<\/p><p><strong>Zadzwo\u0144 a my sprawdzimy, czy zabezpieczamy Tw\u00f3j samoch\u00f3d.<\/strong><\/p>\t\t\t\t\t\t<\/div>\n\t\t\t\t<\/div>\n\t\t\t\t\t<\/div>\n\t\t<\/div>\n\t\t\t\t\t\t\t<\/div>\n\t\t<\/section>\n\t\t\t\t\t\t\t<\/div>\n\t\t","protected":false},"excerpt":{"rendered":"<p>CANLOCK Warszawa CANLOCK &#8211; monta\u017c skutecznego zabezpieczenia antykradzie\u017cowego do samochod\u00f3w w Warszawie oraz w woj. Mazowieckim ZADZWO\u0143 732 080 889 Monta\u017c zabezpieczeniaCANLOCK w Warszawie Jedyny, Oficjalny instalator oryginalnego zabezpieczenia antykradzie\u017cowego CANLOCK w Warszawie! Warszawa BEMOWO Blizne Jasi\u0144skiegoMarii Konopnickiej 6 ZADZWO\u0143 732 080 889 Szukasz skutecznego zabezpieczenia antykradzie\u017cowego do swojego samochodu? ZADZWO\u0143 732 080 889 CANLOCK: [&hellip;]<\/p>\n","protected":false},"author":1,"featured_media":0,"parent":0,"menu_order":0,"comment_status":"closed","ping_status":"closed","template":"elementor_canvas","meta":{"footnotes":""},"class_list":["post-7","page","type-page","status-publish","hentry"],"_links":{"self":[{"href":"https:\/\/canlock.warszawa.pl\/index.php?rest_route=\/wp\/v2\/pages\/7","targetHints":{"allow":["GET"]}}],"collection":[{"href":"https:\/\/canlock.warszawa.pl\/index.php?rest_route=\/wp\/v2\/pages"}],"about":[{"href":"https:\/\/canlock.warszawa.pl\/index.php?rest_route=\/wp\/v2\/types\/page"}],"author":[{"embeddable":true,"href":"https:\/\/canlock.warszawa.pl\/index.php?rest_route=\/wp\/v2\/users\/1"}],"replies":[{"embeddable":true,"href":"https:\/\/canlock.warszawa.pl\/index.php?rest_route=%2Fwp%2Fv2%2Fcomments&post=7"}],"version-history":[{"count":75,"href":"https:\/\/canlock.warszawa.pl\/index.php?rest_route=\/wp\/v2\/pages\/7\/revisions"}],"predecessor-version":[{"id":98,"href":"https:\/\/canlock.warszawa.pl\/index.php?rest_route=\/wp\/v2\/pages\/7\/revisions\/98"}],"wp:attachment":[{"href":"https:\/\/canlock.warszawa.pl\/index.php?rest_route=%2Fwp%2Fv2%2Fmedia&parent=7"}],"curies":[{"name":"wp","href":"https:\/\/api.w.org\/{rel}","templated":true}]}}